{"id":75,"date":"2021-04-14T15:12:24","date_gmt":"2021-04-14T13:12:24","guid":{"rendered":"https:\/\/hofmann-karriere.de\/?page_id=75"},"modified":"2021-04-14T15:12:52","modified_gmt":"2021-04-14T13:12:52","slug":"impressum","status":"publish","type":"page","link":"https:\/\/hofmann-karriere.de\/?page_id=75","title":{"rendered":"Impressum"},"content":{"rendered":"\t\t<div data-elementor-type=\"wp-page\" data-elementor-id=\"75\" class=\"elementor elementor-75\" data-elementor-settings=\"[]\">\n\t\t\t\t\t\t\t<div class=\"elementor-section-wrap\">\n\t\t\t\t\t\t\t<section class=\"elementor-section elementor-top-section elementor-element elementor-element-8bca2a5 elementor-section-stretched elementor-section-boxed elementor-section-height-default elementor-section-height-default\" data-id=\"8bca2a5\" data-element_type=\"section\" data-settings=\"{&quot;stretch_section&quot;:&quot;section-stretched&quot;}\">\n\t\t\t\t\t\t<div class=\"elementor-container elementor-column-gap-default\">\n\t\t\t\t\t<div class=\"elementor-column elementor-col-100 elementor-top-column elementor-element elementor-element-2a3f18a\" data-id=\"2a3f18a\" data-element_type=\"column\">\n\t\t\t<div class=\"elementor-widget-wrap elementor-element-populated\">\n\t\t\t\t\t\t\t\t\t<\/div>\n\t\t<\/div>\n\t\t\t\t\t\t\t<\/div>\n\t\t<\/section>\n\t\t\t\t<section class=\"elementor-section elementor-top-section elementor-element elementor-element-bc2fe35 elementor-section-boxed elementor-section-height-default elementor-section-height-default\" data-id=\"bc2fe35\" data-element_type=\"section\">\n\t\t\t\t\t\t<div class=\"elementor-container elementor-column-gap-default\">\n\t\t\t\t\t<div class=\"elementor-column elementor-col-100 elementor-top-column elementor-element elementor-element-a52fc0d\" data-id=\"a52fc0d\" data-element_type=\"column\">\n\t\t\t<div class=\"elementor-widget-wrap elementor-element-populated\">\n\t\t\t\t\t\t\t\t<div class=\"elementor-element elementor-element-b2add01 elementor-widget elementor-widget-text-editor\" data-id=\"b2add01\" data-element_type=\"widget\" data-widget_type=\"text-editor.default\">\n\t\t\t\t<div class=\"elementor-widget-container\">\n\t\t\t\t\t\t\t<p>An der Hohen Stra\u00dfe 6<br \/>64584 Biebesheim\/Rhein<\/p><p>Tel.: 06258 \/ 804-0<br \/>Fax.: 06258 \/ 804-111<br \/>E-Mail: info@hofmann-karriere.de<\/p><p>Umschlagshalle + Produktionsgeb\u00e4ude<br \/>Justus-von-Liebig-Stra\u00dfe 8<\/p><p>Gesch\u00e4ftsf\u00fchrer: Helmut Hofmann, Uwe Hofmann<br \/>Amtsgericht Darmstadt<br \/>Ust.ID-Nr.: DE 164374166<\/p><p>Sitz der Gesellschaft: 68584 Biebesheim am Rhein<br \/>Amtsgericht Darmstadt HRB 53316<br \/>Inhaltl. verantwortlich: Stephen Bubenzer<\/p><p>Haftungshinweis: Trotz sorgf\u00e4ltiger inhaltlicher Kontrolle \u00fcbernehmen wir keine Haftung f\u00fcr die Inhalte externer Links. F\u00fcr den Inhalt der verlinkten Seiten sind ausschlie\u00dflich deren Betreiber verantwortlich.<\/p><p>Auf dieser Webseite verwendetes Bildmaterial: Frank Seifert Photographie \/ Foto-Design und Britta H\u00fcning (Familienfoto)<\/p>\t\t\t\t\t\t<\/div>\n\t\t\t\t<\/div>\n\t\t\t\t\t<\/div>\n\t\t<\/div>\n\t\t\t\t\t\t\t<\/div>\n\t\t<\/section>\n\t\t\t\t\t\t<\/div>\n\t\t\t\t\t<\/div>\n\t\t","protected":false},"excerpt":{"rendered":"<p>An der Hohen Stra\u00dfe 664584 Biebesheim\/Rhein Tel.: 06258 \/ 804-0Fax.: 06258 \/ 804-111E-Mail: info@hofmann-karriere.de Umschlagshalle + Produktionsgeb\u00e4udeJustus-von-Liebig-Stra\u00dfe 8 Gesch\u00e4ftsf\u00fchrer: Helmut Hofmann, Uwe HofmannAmtsgericht DarmstadtUst.ID-Nr.: DE 164374166 Sitz der Gesellschaft: 68584 Biebesheim am RheinAmtsgericht Darmstadt HRB 53316Inhaltl. verantwortlich: Stephen Bubenzer Haftungshinweis: Trotz sorgf\u00e4ltiger inhaltlicher Kontrolle \u00fcbernehmen wir keine Haftung f\u00fcr die Inhalte externer Links. F\u00fcr den [&hellip;]<\/p>\n","protected":false},"author":1,"featured_media":0,"parent":0,"menu_order":0,"comment_status":"closed","ping_status":"closed","template":"fullwidth.php","meta":{"footnotes":""},"class_list":["post-75","page","type-page","status-publish","hentry"],"_links":{"self":[{"href":"https:\/\/hofmann-karriere.de\/index.php?rest_route=\/wp\/v2\/pages\/75","targetHints":{"allow":["GET"]}}],"collection":[{"href":"https:\/\/hofmann-karriere.de\/index.php?rest_route=\/wp\/v2\/pages"}],"about":[{"href":"https:\/\/hofmann-karriere.de\/index.php?rest_route=\/wp\/v2\/types\/page"}],"author":[{"embeddable":true,"href":"https:\/\/hofmann-karriere.de\/index.php?rest_route=\/wp\/v2\/users\/1"}],"replies":[{"embeddable":true,"href":"https:\/\/hofmann-karriere.de\/index.php?rest_route=%2Fwp%2Fv2%2Fcomments&post=75"}],"version-history":[{"count":0,"href":"https:\/\/hofmann-karriere.de\/index.php?rest_route=\/wp\/v2\/pages\/75\/revisions"}],"wp:attachment":[{"href":"https:\/\/hofmann-karriere.de\/index.php?rest_route=%2Fwp%2Fv2%2Fmedia&parent=75"}],"curies":[{"name":"wp","href":"https:\/\/api.w.org\/{rel}","templated":true}]}}